{"id":5847,"date":"2024-08-08T11:38:31","date_gmt":"2024-08-08T11:38:31","guid":{"rendered":"https:\/\/mpi.lawebredonda.es\/politique-et-objectifs-de-mpi\/"},"modified":"2024-11-06T10:43:17","modified_gmt":"2024-11-06T10:43:17","slug":"politique-et-objectifs-de-mpi","status":"publish","type":"page","link":"https:\/\/mpi.lawebredonda.es\/fr\/politique-et-objectifs-de-mpi\/","title":{"rendered":"POLITIQUE ET OBJECTIFS DE MPI"},"content":{"rendered":"\t\t<div data-elementor-type=\"wp-page\" data-elementor-id=\"5847\" class=\"elementor elementor-5847 elementor-5740\" data-elementor-post-type=\"page\">\n\t\t\t\t<div class=\"elementor-element elementor-element-6f1955d e-flex e-con-boxed e-con e-parent\" data-id=\"6f1955d\" data-element_type=\"container\" data-e-type=\"container\">\n\t\t\t\t\t<div class=\"e-con-inner\">\n\t\t\t\t<div class=\"elementor-element elementor-element-adbbbaa elementor-widget elementor-widget-heading\" data-id=\"adbbbaa\" data-element_type=\"widget\" data-e-type=\"widget\" data-widget_type=\"heading.default\">\n\t\t\t\t<div class=\"elementor-widget-container\">\n\t\t\t\t\t<h2 class=\"elementor-heading-title elementor-size-default\">POLITIQUE DE MPI<\/h2>\t\t\t\t<\/div>\n\t\t\t\t<\/div>\n\t\t\t\t<div class=\"elementor-element elementor-element-7db7a17 elementor-widget elementor-widget-text-editor\" data-id=\"7db7a17\" data-element_type=\"widget\" data-e-type=\"widget\" data-widget_type=\"text-editor.default\">\n\t\t\t\t<div class=\"elementor-widget-container\">\n\t\t\t\t\t\t\t\t\t<h5>&nbsp;<\/h5>\n<p>La Direction de Medical Precision Implants, S.A. (ci-apr\u00e8s MPI) a \u00e9tabli une politique en accord avec la vision et la strat\u00e9gie d\u00e9finies pr\u00e9c\u00e9demment. Cette politique fournit un cadre de r\u00e9f\u00e9rence pour \u00e9tablir et r\u00e9viser les objectifs de l\u2019entreprise, lesquels sont p\u00e9riodiquement revus par la Direction, garantissant la disponibilit\u00e9 des ressources n\u00e9cessaires pour leur r\u00e9alisation et le maintien du syst\u00e8me.<\/p>\n<p>MPI est une entreprise du secteur dentaire d\u00e9di\u00e9e \u00e0 la conception, au d\u00e9veloppement, \u00e0 la fabrication et \u00e0 la vente de syst\u00e8mes d\u2019implants dentaires, de composants proth\u00e9tiques et d\u2019instruments chirurgicaux ; \u00e0 l\u2019importation de syst\u00e8mes d\u2019ancrage pour proth\u00e8ses sur implants ; et \u00e0 l\u2019importation d\u2019os artificiel.<\/p>\n<p>Dans le cadre du processus d\u2019am\u00e9lioration continue, et pour garantir la gestion de l\u2019innovation et la qualit\u00e9 dans la conception des produits, un Syst\u00e8me de Gestion Int\u00e9gr\u00e9e de la Qualit\u00e9 et de R&amp;D+i (ci-apr\u00e8s SGI) a \u00e9t\u00e9 mis en place pour garantir le respect des exigences l\u00e9gales applicables, dans le but de satisfaire le client et les autres parties int\u00e9ress\u00e9es et de maintenir l&rsquo;efficacit\u00e9 du syst\u00e8me mis en \u0153uvre.<\/p>\n<p>MPI est certifi\u00e9e ISO 13485:2016 pour assurer le Syst\u00e8me de Gestion mis en \u0153uvre et UNE 166002:2021 pour valider l&rsquo;efficacit\u00e9 des projets de R&amp;D+i. Des audits annuels sont r\u00e9alis\u00e9s par un Organisme de Certification et un Organisme Notifi\u00e9 pour garantir la conformit\u00e9 avec les normes.<\/p>\n<p>La Direction proc\u00e8de \u00e0 une r\u00e9vision annuelle de la politique \u00e9tablie, afin de s&rsquo;assurer qu&rsquo;elle est appliqu\u00e9e et maintenue. Elle communique cette politique en interne \u00e0 tous les employ\u00e9s de MPI, s\u2019assurant qu\u2019ils la comprennent.<\/p>\n<p>Cette politique est disponible en tant qu\u2019information document\u00e9e dans le SGI de MPI et est accessible ; pour am\u00e9liorer la r\u00e9putation de MPI et attirer les parties prenantes pertinentes, elle est disponible pour toutes les parties int\u00e9ress\u00e9es qui en font la demande.<\/p>\n<p><span style=\"color: var( --e-global-color-text );\">Madrid, le 30 septembre 2024<\/span><\/p>\n<p>Version: 3<\/p>\t\t\t\t\t\t\t\t<\/div>\n\t\t\t\t<\/div>\n\t\t\t\t\t<\/div>\n\t\t\t\t<\/div>\n\t\t\t\t<\/div>\n\t\t","protected":false},"excerpt":{"rendered":"<p>POLITIQUE DE MPI &nbsp; La Direction de Medical Precision Implants, S.A. (ci-apr\u00e8s MPI) a \u00e9tabli une politique en accord avec la vision et la strat\u00e9gie d\u00e9finies pr\u00e9c\u00e9demment. Cette politique fournit un cadre de r\u00e9f\u00e9rence pour \u00e9tablir et r\u00e9viser les objectifs de l\u2019entreprise, lesquels sont p\u00e9riodiquement revus par la Direction, garantissant la disponibilit\u00e9 des ressources n\u00e9cessaires [&hellip;]<\/p>\n","protected":false},"author":1,"featured_media":0,"parent":0,"menu_order":0,"comment_status":"closed","ping_status":"closed","template":"","meta":{"footnotes":""},"class_list":["post-5847","page","type-page","status-publish","hentry"],"yoast_head":"<!-- This site is optimized with the Yoast SEO plugin v27.4 - https:\/\/yoast.com\/product\/yoast-seo-wordpress\/ -->\n<title>POLITIQUE ET OBJECTIFS DE MPI | MPI - Medical Precision Implants<\/title>\n<meta name=\"robots\" content=\"index, follow, max-snippet:-1, max-image-preview:large, max-video-preview:-1\" \/>\n<link rel=\"canonical\" href=\"https:\/\/mpi.lawebredonda.es\/fr\/politique-et-objectifs-de-mpi\/\" \/>\n<meta property=\"og:locale\" content=\"fr_FR\" \/>\n<meta property=\"og:type\" content=\"article\" \/>\n<meta property=\"og:title\" content=\"POLITIQUE ET OBJECTIFS DE MPI | MPI - Medical Precision Implants\" \/>\n<meta property=\"og:description\" content=\"POLITIQUE DE MPI &nbsp; La Direction de Medical Precision Implants, S.A. (ci-apr\u00e8s MPI) a \u00e9tabli une politique en accord avec la vision et la strat\u00e9gie d\u00e9finies pr\u00e9c\u00e9demment. Cette politique fournit un cadre de r\u00e9f\u00e9rence pour \u00e9tablir et r\u00e9viser les objectifs de l\u2019entreprise, lesquels sont p\u00e9riodiquement revus par la Direction, garantissant la disponibilit\u00e9 des ressources n\u00e9cessaires [&hellip;]\" \/>\n<meta property=\"og:url\" content=\"https:\/\/mpi.lawebredonda.es\/fr\/politique-et-objectifs-de-mpi\/\" \/>\n<meta property=\"og:site_name\" content=\"MPI - Medical Precision Implants\" \/>\n<meta property=\"article:modified_time\" content=\"2024-11-06T10:43:17+00:00\" \/>\n<meta name=\"twitter:card\" content=\"summary_large_image\" \/>\n<meta name=\"twitter:label1\" content=\"Dur\u00e9e de lecture estim\u00e9e\" \/>\n\t<meta name=\"twitter:data1\" content=\"2 minutes\" \/>\n<script type=\"application\/ld+json\" class=\"yoast-schema-graph\">{\"@context\":\"https:\\\/\\\/schema.org\",\"@graph\":[{\"@type\":\"WebPage\",\"@id\":\"https:\\\/\\\/mpi.lawebredonda.es\\\/fr\\\/politique-et-objectifs-de-mpi\\\/\",\"url\":\"https:\\\/\\\/mpi.lawebredonda.es\\\/fr\\\/politique-et-objectifs-de-mpi\\\/\",\"name\":\"POLITIQUE ET OBJECTIFS DE MPI | MPI - Medical Precision Implants\",\"isPartOf\":{\"@id\":\"https:\\\/\\\/mpi.lawebredonda.es\\\/#website\"},\"datePublished\":\"2024-08-08T11:38:31+00:00\",\"dateModified\":\"2024-11-06T10:43:17+00:00\",\"breadcrumb\":{\"@id\":\"https:\\\/\\\/mpi.lawebredonda.es\\\/fr\\\/politique-et-objectifs-de-mpi\\\/#breadcrumb\"},\"inLanguage\":\"fr-FR\",\"potentialAction\":[{\"@type\":\"ReadAction\",\"target\":[\"https:\\\/\\\/mpi.lawebredonda.es\\\/fr\\\/politique-et-objectifs-de-mpi\\\/\"]}]},{\"@type\":\"BreadcrumbList\",\"@id\":\"https:\\\/\\\/mpi.lawebredonda.es\\\/fr\\\/politique-et-objectifs-de-mpi\\\/#breadcrumb\",\"itemListElement\":[{\"@type\":\"ListItem\",\"position\":1,\"name\":\"Portada\",\"item\":\"https:\\\/\\\/mpi.lawebredonda.es\\\/fr\\\/\"},{\"@type\":\"ListItem\",\"position\":2,\"name\":\"POLITIQUE ET OBJECTIFS DE MPI\"}]},{\"@type\":\"WebSite\",\"@id\":\"https:\\\/\\\/mpi.lawebredonda.es\\\/#website\",\"url\":\"https:\\\/\\\/mpi.lawebredonda.es\\\/\",\"name\":\"Mpi Implants\",\"description\":\"Soluciones Dentales De Futuro\",\"publisher\":{\"@id\":\"https:\\\/\\\/mpi.lawebredonda.es\\\/#organization\"},\"potentialAction\":[{\"@type\":\"SearchAction\",\"target\":{\"@type\":\"EntryPoint\",\"urlTemplate\":\"https:\\\/\\\/mpi.lawebredonda.es\\\/?s={search_term_string}\"},\"query-input\":{\"@type\":\"PropertyValueSpecification\",\"valueRequired\":true,\"valueName\":\"search_term_string\"}}],\"inLanguage\":\"fr-FR\"},{\"@type\":\"Organization\",\"@id\":\"https:\\\/\\\/mpi.lawebredonda.es\\\/#organization\",\"name\":\"Mpi Implants\",\"url\":\"https:\\\/\\\/mpi.lawebredonda.es\\\/\",\"logo\":{\"@type\":\"ImageObject\",\"inLanguage\":\"fr-FR\",\"@id\":\"https:\\\/\\\/mpi.lawebredonda.es\\\/#\\\/schema\\\/logo\\\/image\\\/\",\"url\":\"https:\\\/\\\/mpi.lawebredonda.es\\\/wp-content\\\/uploads\\\/2022\\\/11\\\/Logo-Color.png\",\"contentUrl\":\"https:\\\/\\\/mpi.lawebredonda.es\\\/wp-content\\\/uploads\\\/2022\\\/11\\\/Logo-Color.png\",\"width\":1230,\"height\":483,\"caption\":\"Mpi Implants\"},\"image\":{\"@id\":\"https:\\\/\\\/mpi.lawebredonda.es\\\/#\\\/schema\\\/logo\\\/image\\\/\"}}]}<\/script>\n<!-- \/ Yoast SEO plugin. -->","yoast_head_json":{"title":"POLITIQUE ET OBJECTIFS DE MPI | MPI - Medical Precision Implants","robots":{"index":"index","follow":"follow","max-snippet":"max-snippet:-1","max-image-preview":"max-image-preview:large","max-video-preview":"max-video-preview:-1"},"canonical":"https:\/\/mpi.lawebredonda.es\/fr\/politique-et-objectifs-de-mpi\/","og_locale":"fr_FR","og_type":"article","og_title":"POLITIQUE ET OBJECTIFS DE MPI | MPI - Medical Precision Implants","og_description":"POLITIQUE DE MPI &nbsp; La Direction de Medical Precision Implants, S.A. (ci-apr\u00e8s MPI) a \u00e9tabli une politique en accord avec la vision et la strat\u00e9gie d\u00e9finies pr\u00e9c\u00e9demment. Cette politique fournit un cadre de r\u00e9f\u00e9rence pour \u00e9tablir et r\u00e9viser les objectifs de l\u2019entreprise, lesquels sont p\u00e9riodiquement revus par la Direction, garantissant la disponibilit\u00e9 des ressources n\u00e9cessaires [&hellip;]","og_url":"https:\/\/mpi.lawebredonda.es\/fr\/politique-et-objectifs-de-mpi\/","og_site_name":"MPI - Medical Precision Implants","article_modified_time":"2024-11-06T10:43:17+00:00","twitter_card":"summary_large_image","twitter_misc":{"Dur\u00e9e de lecture estim\u00e9e":"2 minutes"},"schema":{"@context":"https:\/\/schema.org","@graph":[{"@type":"WebPage","@id":"https:\/\/mpi.lawebredonda.es\/fr\/politique-et-objectifs-de-mpi\/","url":"https:\/\/mpi.lawebredonda.es\/fr\/politique-et-objectifs-de-mpi\/","name":"POLITIQUE ET OBJECTIFS DE MPI | MPI - Medical Precision Implants","isPartOf":{"@id":"https:\/\/mpi.lawebredonda.es\/#website"},"datePublished":"2024-08-08T11:38:31+00:00","dateModified":"2024-11-06T10:43:17+00:00","breadcrumb":{"@id":"https:\/\/mpi.lawebredonda.es\/fr\/politique-et-objectifs-de-mpi\/#breadcrumb"},"inLanguage":"fr-FR","potentialAction":[{"@type":"ReadAction","target":["https:\/\/mpi.lawebredonda.es\/fr\/politique-et-objectifs-de-mpi\/"]}]},{"@type":"BreadcrumbList","@id":"https:\/\/mpi.lawebredonda.es\/fr\/politique-et-objectifs-de-mpi\/#breadcrumb","itemListElement":[{"@type":"ListItem","position":1,"name":"Portada","item":"https:\/\/mpi.lawebredonda.es\/fr\/"},{"@type":"ListItem","position":2,"name":"POLITIQUE ET OBJECTIFS DE MPI"}]},{"@type":"WebSite","@id":"https:\/\/mpi.lawebredonda.es\/#website","url":"https:\/\/mpi.lawebredonda.es\/","name":"Mpi Implants","description":"Soluciones Dentales De Futuro","publisher":{"@id":"https:\/\/mpi.lawebredonda.es\/#organization"},"potentialAction":[{"@type":"SearchAction","target":{"@type":"EntryPoint","urlTemplate":"https:\/\/mpi.lawebredonda.es\/?s={search_term_string}"},"query-input":{"@type":"PropertyValueSpecification","valueRequired":true,"valueName":"search_term_string"}}],"inLanguage":"fr-FR"},{"@type":"Organization","@id":"https:\/\/mpi.lawebredonda.es\/#organization","name":"Mpi Implants","url":"https:\/\/mpi.lawebredonda.es\/","logo":{"@type":"ImageObject","inLanguage":"fr-FR","@id":"https:\/\/mpi.lawebredonda.es\/#\/schema\/logo\/image\/","url":"https:\/\/mpi.lawebredonda.es\/wp-content\/uploads\/2022\/11\/Logo-Color.png","contentUrl":"https:\/\/mpi.lawebredonda.es\/wp-content\/uploads\/2022\/11\/Logo-Color.png","width":1230,"height":483,"caption":"Mpi Implants"},"image":{"@id":"https:\/\/mpi.lawebredonda.es\/#\/schema\/logo\/image\/"}}]}},"_links":{"self":[{"href":"https:\/\/mpi.lawebredonda.es\/fr\/wp-json\/wp\/v2\/pages\/5847","targetHints":{"allow":["GET"]}}],"collection":[{"href":"https:\/\/mpi.lawebredonda.es\/fr\/wp-json\/wp\/v2\/pages"}],"about":[{"href":"https:\/\/mpi.lawebredonda.es\/fr\/wp-json\/wp\/v2\/types\/page"}],"author":[{"embeddable":true,"href":"https:\/\/mpi.lawebredonda.es\/fr\/wp-json\/wp\/v2\/users\/1"}],"replies":[{"embeddable":true,"href":"https:\/\/mpi.lawebredonda.es\/fr\/wp-json\/wp\/v2\/comments?post=5847"}],"version-history":[{"count":7,"href":"https:\/\/mpi.lawebredonda.es\/fr\/wp-json\/wp\/v2\/pages\/5847\/revisions"}],"predecessor-version":[{"id":5878,"href":"https:\/\/mpi.lawebredonda.es\/fr\/wp-json\/wp\/v2\/pages\/5847\/revisions\/5878"}],"wp:attachment":[{"href":"https:\/\/mpi.lawebredonda.es\/fr\/wp-json\/wp\/v2\/media?parent=5847"}],"curies":[{"name":"wp","href":"https:\/\/api.w.org\/{rel}","templated":true}]}}