{"id":3569,"date":"2023-10-06T09:58:59","date_gmt":"2023-10-06T09:58:59","guid":{"rendered":"https:\/\/mpi.lawebredonda.es\/?page_id=3569"},"modified":"2024-05-02T17:07:30","modified_gmt":"2024-05-02T17:07:30","slug":"mpi-all-insystem-2","status":"publish","type":"page","link":"https:\/\/mpi.lawebredonda.es\/fr\/produits\/implantes-dentales\/mpi-all-insystem-2\/","title":{"rendered":"MPI Orthodontics\u00ae System."},"content":{"rendered":"\t\t<div data-elementor-type=\"wp-page\" data-elementor-id=\"3569\" class=\"elementor elementor-3569 elementor-3566\" data-elementor-post-type=\"page\">\n\t\t\t\t\t\t<section class=\"elementor-section elementor-top-section elementor-element elementor-element-460e077 elementor-section-height-min-height elementor-section-items-stretch elementor-section-boxed elementor-section-height-default\" data-id=\"460e077\" data-element_type=\"section\" data-e-type=\"section\" data-settings=\"{&quot;background_background&quot;:&quot;classic&quot;}\">\n\t\t\t\t\t\t\t<div class=\"elementor-background-overlay\"><\/div>\n\t\t\t\t\t\t\t<div class=\"elementor-container elementor-column-gap-default\">\n\t\t\t\t\t<div class=\"elementor-column elementor-col-50 elementor-top-column elementor-element elementor-element-26a4c49 elementor-invisible\" data-id=\"26a4c49\" data-element_type=\"column\" data-e-type=\"column\" data-settings=\"{&quot;animation&quot;:&quot;fadeInUp&quot;}\">\n\t\t\t<div class=\"elementor-widget-wrap elementor-element-populated\">\n\t\t\t\t\t\t<div class=\"elementor-element elementor-element-a846559 elementor-widget elementor-widget-heading\" data-id=\"a846559\" data-element_type=\"widget\" data-e-type=\"widget\" data-widget_type=\"heading.default\">\n\t\t\t\t<div class=\"elementor-widget-container\">\n\t\t\t\t\t<h1 class=\"elementor-heading-title elementor-size-default\">MPI Orthodontics<sup>\u00ae<\/sup> \nSystem.\n\n<\/h1>\t\t\t\t<\/div>\n\t\t\t\t<\/div>\n\t\t\t\t\t<\/div>\n\t\t<\/div>\n\t\t\t\t<div class=\"elementor-column elementor-col-50 elementor-top-column elementor-element elementor-element-f101c2f\" data-id=\"f101c2f\" data-element_type=\"column\" data-e-type=\"column\">\n\t\t\t<div class=\"elementor-widget-wrap\">\n\t\t\t\t\t\t\t<\/div>\n\t\t<\/div>\n\t\t\t\t\t<\/div>\n\t\t<\/section>\n\t\t<div class=\"elementor-element elementor-element-d12a976 e-flex e-con-boxed e-con e-parent\" data-id=\"d12a976\" data-element_type=\"container\" data-e-type=\"container\">\n\t\t\t\t\t<div class=\"e-con-inner\">\n\t\t<div class=\"elementor-element elementor-element-1343402 e-con-full e-flex e-con e-child\" data-id=\"1343402\" data-element_type=\"container\" data-e-type=\"container\" data-settings=\"{&quot;background_background&quot;:&quot;classic&quot;}\">\n\t\t<div class=\"elementor-element elementor-element-7c2850a e-con-full e-flex e-con e-child\" data-id=\"7c2850a\" data-element_type=\"container\" data-e-type=\"container\">\n\t\t\t\t<div class=\"elementor-element elementor-element-66026a4 elementor-widget elementor-widget-image\" data-id=\"66026a4\" data-element_type=\"widget\" data-e-type=\"widget\" data-widget_type=\"image.default\">\n\t\t\t\t<div class=\"elementor-widget-container\">\n\t\t\t\t\t\t\t\t\t\t\t\t\t\t\t\t<a href=\"#\">\n\t\t\t\t\t\t\t<img decoding=\"async\" src=\"https:\/\/mpi.lawebredonda.es\/wp-content\/uploads\/2023\/10\/implantes.png\" title=\"\" alt=\"\" loading=\"lazy\" \/>\t\t\t\t\t\t\t\t<\/a>\n\t\t\t\t\t\t\t\t\t\t\t\t\t\t\t<\/div>\n\t\t\t\t<\/div>\n\t\t<div class=\"elementor-element elementor-element-68a1dee e-con-full e-flex e-con e-child\" data-id=\"68a1dee\" data-element_type=\"container\" data-e-type=\"container\">\n\t\t\t\t<div class=\"elementor-element elementor-element-48d1e08 elementor-widget elementor-widget-heading\" data-id=\"48d1e08\" data-element_type=\"widget\" data-e-type=\"widget\" data-widget_type=\"heading.default\">\n\t\t\t\t<div class=\"elementor-widget-container\">\n\t\t\t\t\t<h3 class=\"elementor-heading-title elementor-size-default\">MPI Orthodontics<sup>\u00ae<\/sup> System<\/h3>\t\t\t\t<\/div>\n\t\t\t\t<\/div>\n\t\t\t\t<\/div>\n\t\t\t\t<\/div>\n\t\t\t\t<div class=\"elementor-element elementor-element-d2f36f4 elementor-widget elementor-widget-image\" data-id=\"d2f36f4\" data-element_type=\"widget\" data-e-type=\"widget\" data-widget_type=\"image.default\">\n\t\t\t\t<div class=\"elementor-widget-container\">\n\t\t\t\t\t\t\t\t\t\t\t\t\t\t\t<img decoding=\"async\" src=\"https:\/\/mpi.lawebredonda.es\/wp-content\/uploads\/elementor\/thumbs\/banner-privilege_0-qcl8vm4ooo80y4folnov1btd4tkwtowem6nftya28i.png\" title=\"banner-privilege_0\" alt=\"banner-privilege_0\" loading=\"lazy\" \/>\t\t\t\t\t\t\t\t\t\t\t\t\t\t\t<\/div>\n\t\t\t\t<\/div>\n\t\t<div class=\"elementor-element elementor-element-eb1994f e-con-full e-flex e-con e-child\" data-id=\"eb1994f\" data-element_type=\"container\" data-e-type=\"container\" data-settings=\"{&quot;background_background&quot;:&quot;gradient&quot;}\">\n\t\t<div class=\"elementor-element elementor-element-474b88f e-con-full e-flex e-con e-child\" data-id=\"474b88f\" data-element_type=\"container\" data-e-type=\"container\">\n\t\t\t\t<div class=\"elementor-element elementor-element-234c3d1 elementor-widget elementor-widget-heading\" data-id=\"234c3d1\" data-element_type=\"widget\" data-e-type=\"widget\" data-widget_type=\"heading.default\">\n\t\t\t\t<div class=\"elementor-widget-container\">\n\t\t\t\t\t<h4 class=\"elementor-heading-title elementor-size-default\">Mini-implant coronal Disjonction Conception coronale<\/h4>\t\t\t\t<\/div>\n\t\t\t\t<\/div>\n\t\t\t\t<div class=\"elementor-element elementor-element-1bf962f elementor-widget elementor-widget-text-editor\" data-id=\"1bf962f\" data-element_type=\"widget\" data-e-type=\"widget\" data-widget_type=\"text-editor.default\">\n\t\t\t\t<div class=\"elementor-widget-container\">\n\t\t\t\t\t\t\t\t\t<p>La t\u00eate hexagonale \u00e9vite l&rsquo;irritation des tissus mous de la bouche. <br \/>Collier muqueux sans fil pour une adaptation optimale \u00e0 la gencive.<br \/>Col con\u00e7u pour une adaptation gingivale optimale.<\/p>\n\t\t\t\t\t\t\t\t<\/div>\n\t\t\t\t<\/div>\n\t\t\t\t<div class=\"elementor-element elementor-element-62c252b elementor-widget elementor-widget-heading\" data-id=\"62c252b\" data-element_type=\"widget\" data-e-type=\"widget\" data-widget_type=\"heading.default\">\n\t\t\t\t<div class=\"elementor-widget-container\">\n\t\t\t\t\t<h4 class=\"elementor-heading-title elementor-size-default\">Conception du filetage<\/h4>\t\t\t\t<\/div>\n\t\t\t\t<\/div>\n\t\t\t\t<div class=\"elementor-element elementor-element-feb5c10 elementor-widget elementor-widget-text-editor\" data-id=\"feb5c10\" data-element_type=\"widget\" data-e-type=\"widget\" data-widget_type=\"text-editor.default\">\n\t\t\t\t<div class=\"elementor-widget-container\">\n\t\t\t\t\t\t\t\t\t<p>La conception des spires am\u00e9liore la r\u00e9sistance \u00e0 la traction et garantit une excellente stabilit\u00e9 primaire ; elle peut \u00eatre mise en charge imm\u00e9diatement sans phase de cicatrisation et favorise la qualit\u00e9 de l&rsquo;ancrage.<\/p>\n\t\t\t\t\t\t\t\t<\/div>\n\t\t\t\t<\/div>\n\t\t\t\t<div class=\"elementor-element elementor-element-c178d6b elementor-widget elementor-widget-heading\" data-id=\"c178d6b\" data-element_type=\"widget\" data-e-type=\"widget\" data-widget_type=\"heading.default\">\n\t\t\t\t<div class=\"elementor-widget-container\">\n\t\t\t\t\t<h4 class=\"elementor-heading-title elementor-size-default\">Conception apicale<\/h4>\t\t\t\t<\/div>\n\t\t\t\t<\/div>\n\t\t\t\t<div class=\"elementor-element elementor-element-7cfa4c8 elementor-widget elementor-widget-text-editor\" data-id=\"7cfa4c8\" data-element_type=\"widget\" data-e-type=\"widget\" data-widget_type=\"text-editor.default\">\n\t\t\t\t<div class=\"elementor-widget-container\">\n\t\t\t\t\t\t\t\t\t<p>Son embout auto-per\u00e7ant et autotaraudeur facilite l&rsquo;insertion, \u00e9vitant ainsi le pr\u00e9-per\u00e7age.<\/p>\n<p><strong>Orthodontie par mini-implants de conception coronale :<\/strong><br \/>G\u00e9om\u00e9trie hexagonale avec des rainures qui permettent l&rsquo;insertion d&rsquo;arcs dentaires et leur fixation avec des ligatures m\u00e9talliques. <br \/>Trou de 1 mm de diam\u00e8tre pour l&rsquo;utilisation de divers \u00e9l\u00e9ments orthodontiques tels que fil \u00e9lastique, ligatures arri\u00e8re, etc.<\/p>\n\t\t\t\t\t\t\t\t<\/div>\n\t\t\t\t<\/div>\n\t\t\t\t<div class=\"elementor-element elementor-element-b1713a1 elementor-widget elementor-widget-heading\" data-id=\"b1713a1\" data-element_type=\"widget\" data-e-type=\"widget\" data-widget_type=\"heading.default\">\n\t\t\t\t<div class=\"elementor-widget-container\">\n\t\t\t\t\t<h4 class=\"elementor-heading-title elementor-size-default\">Surface polie<\/h4>\t\t\t\t<\/div>\n\t\t\t\t<\/div>\n\t\t\t\t<div class=\"elementor-element elementor-element-93a590b elementor-widget elementor-widget-text-editor\" data-id=\"93a590b\" data-element_type=\"widget\" data-e-type=\"widget\" data-widget_type=\"text-editor.default\">\n\t\t\t\t<div class=\"elementor-widget-container\">\n\t\t\t\t\t\t\t\t\t<p>Les mini-implants MPI polis en surface ne s&rsquo;int\u00e8grent pas, ce qui favorise leur retrait apr\u00e8s le traitement.<\/p>\n\t\t\t\t\t\t\t\t<\/div>\n\t\t\t\t<\/div>\n\t\t\t\t<div class=\"elementor-element elementor-element-a5be0d0 elementor-widget elementor-widget-heading\" data-id=\"a5be0d0\" data-element_type=\"widget\" data-e-type=\"widget\" data-widget_type=\"heading.default\">\n\t\t\t\t<div class=\"elementor-widget-container\">\n\t\t\t\t\t<h4 class=\"elementor-heading-title elementor-size-default\">Titane haute performance<\/h4>\t\t\t\t<\/div>\n\t\t\t\t<\/div>\n\t\t\t\t<div class=\"elementor-element elementor-element-7e9d949 elementor-widget elementor-widget-text-editor\" data-id=\"7e9d949\" data-element_type=\"widget\" data-e-type=\"widget\" data-widget_type=\"text-editor.default\">\n\t\t\t\t<div class=\"elementor-widget-container\">\n\t\t\t\t\t\t\t\t\t<p>La structure des mini-implants est renforc\u00e9e par l&rsquo;utilisation de titane de grade IV form\u00e9 \u00e0 froid et d&rsquo;origine allemande. <br \/>Les exigences de qualit\u00e9 fix\u00e9es par le MPI augmentent la r\u00e9sistance du mat\u00e9riau de 20 % par rapport au titane conventionnel de grade IV, pour une r\u00e9sistance \u00e0 la traction et une capacit\u00e9 de charge plus \u00e9lev\u00e9es.<\/p>\n\t\t\t\t\t\t\t\t<\/div>\n\t\t\t\t<\/div>\n\t\t<div class=\"elementor-element elementor-element-a33c3c0 e-flex e-con-boxed e-con e-child\" data-id=\"a33c3c0\" data-element_type=\"container\" data-e-type=\"container\">\n\t\t\t\t\t<div class=\"e-con-inner\">\n\t\t\t\t<div class=\"elementor-element elementor-element-1148776 elementor-align-center elementor-widget__width-initial elementor-widget-mobile__width-inherit elementor-widget elementor-widget-button\" data-id=\"1148776\" data-element_type=\"widget\" data-e-type=\"widget\" data-widget_type=\"button.default\">\n\t\t\t\t<div class=\"elementor-widget-container\">\n\t\t\t\t\t\t\t\t\t<div class=\"elementor-button-wrapper\">\n\t\t\t\t\t<a class=\"elementor-button elementor-button-link elementor-size-sm elementor-animation-float\" href=\"https:\/\/mpi.lawebredonda.es\/wp-content\/uploads\/2024\/04\/MPI-Orthodontics\u00ae-Systems-1.pdf\" target=\"_blank\">\n\t\t\t\t\t\t<span class=\"elementor-button-content-wrapper\">\n\t\t\t\t\t\t<span class=\"elementor-button-icon\">\n\t\t\t\t<i aria-hidden=\"true\" class=\"fas fa-download\"><\/i>\t\t\t<\/span>\n\t\t\t\t\t\t\t\t\t<span class=\"elementor-button-text\">Catalogue en anglais<\/span>\n\t\t\t\t\t<\/span>\n\t\t\t\t\t<\/a>\n\t\t\t\t<\/div>\n\t\t\t\t\t\t\t\t<\/div>\n\t\t\t\t<\/div>\n\t\t\t\t\t<\/div>\n\t\t\t\t<\/div>\n\t\t\t\t<\/div>\n\t\t\t\t<\/div>\n\t\t\t\t<\/div>\n\t\t\t\t\t<\/div>\n\t\t\t\t<\/div>\n\t\t\t\t<\/div>\n\t\t","protected":false},"excerpt":{"rendered":"<p>MPI Orthodontics\u00ae System. MPI Orthodontics\u00ae System Mini-implant coronal Disjonction Conception coronale La t\u00eate hexagonale \u00e9vite l&rsquo;irritation des tissus mous de la bouche. Collier muqueux sans fil pour une adaptation optimale \u00e0 la gencive.Col con\u00e7u pour une adaptation gingivale optimale. Conception du filetage La conception des spires am\u00e9liore la r\u00e9sistance \u00e0 la traction et garantit une [&hellip;]<\/p>\n","protected":false},"author":1,"featured_media":0,"parent":3364,"menu_order":0,"comment_status":"closed","ping_status":"closed","template":"elementor_header_footer","meta":{"footnotes":""},"class_list":["post-3569","page","type-page","status-publish","hentry"],"yoast_head":"<!-- This site is optimized with the Yoast SEO plugin v27.4 - https:\/\/yoast.com\/product\/yoast-seo-wordpress\/ -->\n<title>MPI Orthodontics\u00ae System. | MPI - Medical Precision Implants<\/title>\n<meta name=\"robots\" content=\"index, follow, max-snippet:-1, max-image-preview:large, max-video-preview:-1\" \/>\n<link rel=\"canonical\" href=\"https:\/\/mpi.lawebredonda.es\/fr\/produits\/implantes-dentales\/mpi-all-insystem-2\/\" \/>\n<meta property=\"og:locale\" content=\"fr_FR\" \/>\n<meta property=\"og:type\" content=\"article\" \/>\n<meta property=\"og:title\" content=\"MPI Orthodontics\u00ae System. | MPI - Medical Precision Implants\" \/>\n<meta property=\"og:description\" content=\"MPI Orthodontics\u00ae System. MPI Orthodontics\u00ae System Mini-implant coronal Disjonction Conception coronale La t\u00eate hexagonale \u00e9vite l&rsquo;irritation des tissus mous de la bouche. Collier muqueux sans fil pour une adaptation optimale \u00e0 la gencive.Col con\u00e7u pour une adaptation gingivale optimale. Conception du filetage La conception des spires am\u00e9liore la r\u00e9sistance \u00e0 la traction et garantit une [&hellip;]\" \/>\n<meta property=\"og:url\" content=\"https:\/\/mpi.lawebredonda.es\/fr\/produits\/implantes-dentales\/mpi-all-insystem-2\/\" \/>\n<meta property=\"og:site_name\" content=\"MPI - Medical Precision Implants\" \/>\n<meta property=\"article:modified_time\" content=\"2024-05-02T17:07:30+00:00\" \/>\n<meta property=\"og:image\" content=\"https:\/\/mpi.lawebredonda.es\/wp-content\/uploads\/2023\/10\/implantes.png\" \/>\n<meta name=\"twitter:card\" content=\"summary_large_image\" \/>\n<meta name=\"twitter:label1\" content=\"Dur\u00e9e de lecture estim\u00e9e\" \/>\n\t<meta name=\"twitter:data1\" content=\"2 minutes\" \/>\n<script type=\"application\/ld+json\" class=\"yoast-schema-graph\">{\"@context\":\"https:\\\/\\\/schema.org\",\"@graph\":[{\"@type\":\"WebPage\",\"@id\":\"https:\\\/\\\/mpi.lawebredonda.es\\\/fr\\\/produits\\\/implantes-dentales\\\/mpi-all-insystem-2\\\/\",\"url\":\"https:\\\/\\\/mpi.lawebredonda.es\\\/fr\\\/produits\\\/implantes-dentales\\\/mpi-all-insystem-2\\\/\",\"name\":\"MPI Orthodontics\u00ae System. | MPI - Medical Precision Implants\",\"isPartOf\":{\"@id\":\"https:\\\/\\\/mpi.lawebredonda.es\\\/#website\"},\"primaryImageOfPage\":{\"@id\":\"https:\\\/\\\/mpi.lawebredonda.es\\\/fr\\\/produits\\\/implantes-dentales\\\/mpi-all-insystem-2\\\/#primaryimage\"},\"image\":{\"@id\":\"https:\\\/\\\/mpi.lawebredonda.es\\\/fr\\\/produits\\\/implantes-dentales\\\/mpi-all-insystem-2\\\/#primaryimage\"},\"thumbnailUrl\":\"https:\\\/\\\/mpi.lawebredonda.es\\\/wp-content\\\/uploads\\\/2023\\\/10\\\/implantes.png\",\"datePublished\":\"2023-10-06T09:58:59+00:00\",\"dateModified\":\"2024-05-02T17:07:30+00:00\",\"breadcrumb\":{\"@id\":\"https:\\\/\\\/mpi.lawebredonda.es\\\/fr\\\/produits\\\/implantes-dentales\\\/mpi-all-insystem-2\\\/#breadcrumb\"},\"inLanguage\":\"fr-FR\",\"potentialAction\":[{\"@type\":\"ReadAction\",\"target\":[\"https:\\\/\\\/mpi.lawebredonda.es\\\/fr\\\/produits\\\/implantes-dentales\\\/mpi-all-insystem-2\\\/\"]}]},{\"@type\":\"ImageObject\",\"inLanguage\":\"fr-FR\",\"@id\":\"https:\\\/\\\/mpi.lawebredonda.es\\\/fr\\\/produits\\\/implantes-dentales\\\/mpi-all-insystem-2\\\/#primaryimage\",\"url\":\"https:\\\/\\\/mpi.lawebredonda.es\\\/wp-content\\\/uploads\\\/2023\\\/10\\\/implantes.png\",\"contentUrl\":\"https:\\\/\\\/mpi.lawebredonda.es\\\/wp-content\\\/uploads\\\/2023\\\/10\\\/implantes.png\"},{\"@type\":\"BreadcrumbList\",\"@id\":\"https:\\\/\\\/mpi.lawebredonda.es\\\/fr\\\/produits\\\/implantes-dentales\\\/mpi-all-insystem-2\\\/#breadcrumb\",\"itemListElement\":[{\"@type\":\"ListItem\",\"position\":1,\"name\":\"Portada\",\"item\":\"https:\\\/\\\/mpi.lawebredonda.es\\\/fr\\\/\"},{\"@type\":\"ListItem\",\"position\":2,\"name\":\"Produits\",\"item\":\"https:\\\/\\\/mpi.lawebredonda.es\\\/fr\\\/produits\\\/\"},{\"@type\":\"ListItem\",\"position\":3,\"name\":\"Implantes dentales\",\"item\":\"https:\\\/\\\/mpi.lawebredonda.es\\\/fr\\\/produits\\\/implantes-dentales\\\/\"},{\"@type\":\"ListItem\",\"position\":4,\"name\":\"MPI Orthodontics\u00ae System.\"}]},{\"@type\":\"WebSite\",\"@id\":\"https:\\\/\\\/mpi.lawebredonda.es\\\/#website\",\"url\":\"https:\\\/\\\/mpi.lawebredonda.es\\\/\",\"name\":\"Mpi Implants\",\"description\":\"Soluciones Dentales De Futuro\",\"publisher\":{\"@id\":\"https:\\\/\\\/mpi.lawebredonda.es\\\/#organization\"},\"potentialAction\":[{\"@type\":\"SearchAction\",\"target\":{\"@type\":\"EntryPoint\",\"urlTemplate\":\"https:\\\/\\\/mpi.lawebredonda.es\\\/?s={search_term_string}\"},\"query-input\":{\"@type\":\"PropertyValueSpecification\",\"valueRequired\":true,\"valueName\":\"search_term_string\"}}],\"inLanguage\":\"fr-FR\"},{\"@type\":\"Organization\",\"@id\":\"https:\\\/\\\/mpi.lawebredonda.es\\\/#organization\",\"name\":\"Mpi Implants\",\"url\":\"https:\\\/\\\/mpi.lawebredonda.es\\\/\",\"logo\":{\"@type\":\"ImageObject\",\"inLanguage\":\"fr-FR\",\"@id\":\"https:\\\/\\\/mpi.lawebredonda.es\\\/#\\\/schema\\\/logo\\\/image\\\/\",\"url\":\"https:\\\/\\\/mpi.lawebredonda.es\\\/wp-content\\\/uploads\\\/2022\\\/11\\\/Logo-Color.png\",\"contentUrl\":\"https:\\\/\\\/mpi.lawebredonda.es\\\/wp-content\\\/uploads\\\/2022\\\/11\\\/Logo-Color.png\",\"width\":1230,\"height\":483,\"caption\":\"Mpi Implants\"},\"image\":{\"@id\":\"https:\\\/\\\/mpi.lawebredonda.es\\\/#\\\/schema\\\/logo\\\/image\\\/\"}}]}<\/script>\n<!-- \/ Yoast SEO plugin. -->","yoast_head_json":{"title":"MPI Orthodontics\u00ae System. | MPI - Medical Precision Implants","robots":{"index":"index","follow":"follow","max-snippet":"max-snippet:-1","max-image-preview":"max-image-preview:large","max-video-preview":"max-video-preview:-1"},"canonical":"https:\/\/mpi.lawebredonda.es\/fr\/produits\/implantes-dentales\/mpi-all-insystem-2\/","og_locale":"fr_FR","og_type":"article","og_title":"MPI Orthodontics\u00ae System. | MPI - Medical Precision Implants","og_description":"MPI Orthodontics\u00ae System. MPI Orthodontics\u00ae System Mini-implant coronal Disjonction Conception coronale La t\u00eate hexagonale \u00e9vite l&rsquo;irritation des tissus mous de la bouche. Collier muqueux sans fil pour une adaptation optimale \u00e0 la gencive.Col con\u00e7u pour une adaptation gingivale optimale. Conception du filetage La conception des spires am\u00e9liore la r\u00e9sistance \u00e0 la traction et garantit une [&hellip;]","og_url":"https:\/\/mpi.lawebredonda.es\/fr\/produits\/implantes-dentales\/mpi-all-insystem-2\/","og_site_name":"MPI - Medical Precision Implants","article_modified_time":"2024-05-02T17:07:30+00:00","og_image":[{"url":"https:\/\/mpi.lawebredonda.es\/wp-content\/uploads\/2023\/10\/implantes.png","type":"","width":"","height":""}],"twitter_card":"summary_large_image","twitter_misc":{"Dur\u00e9e de lecture estim\u00e9e":"2 minutes"},"schema":{"@context":"https:\/\/schema.org","@graph":[{"@type":"WebPage","@id":"https:\/\/mpi.lawebredonda.es\/fr\/produits\/implantes-dentales\/mpi-all-insystem-2\/","url":"https:\/\/mpi.lawebredonda.es\/fr\/produits\/implantes-dentales\/mpi-all-insystem-2\/","name":"MPI Orthodontics\u00ae System. | MPI - Medical Precision Implants","isPartOf":{"@id":"https:\/\/mpi.lawebredonda.es\/#website"},"primaryImageOfPage":{"@id":"https:\/\/mpi.lawebredonda.es\/fr\/produits\/implantes-dentales\/mpi-all-insystem-2\/#primaryimage"},"image":{"@id":"https:\/\/mpi.lawebredonda.es\/fr\/produits\/implantes-dentales\/mpi-all-insystem-2\/#primaryimage"},"thumbnailUrl":"https:\/\/mpi.lawebredonda.es\/wp-content\/uploads\/2023\/10\/implantes.png","datePublished":"2023-10-06T09:58:59+00:00","dateModified":"2024-05-02T17:07:30+00:00","breadcrumb":{"@id":"https:\/\/mpi.lawebredonda.es\/fr\/produits\/implantes-dentales\/mpi-all-insystem-2\/#breadcrumb"},"inLanguage":"fr-FR","potentialAction":[{"@type":"ReadAction","target":["https:\/\/mpi.lawebredonda.es\/fr\/produits\/implantes-dentales\/mpi-all-insystem-2\/"]}]},{"@type":"ImageObject","inLanguage":"fr-FR","@id":"https:\/\/mpi.lawebredonda.es\/fr\/produits\/implantes-dentales\/mpi-all-insystem-2\/#primaryimage","url":"https:\/\/mpi.lawebredonda.es\/wp-content\/uploads\/2023\/10\/implantes.png","contentUrl":"https:\/\/mpi.lawebredonda.es\/wp-content\/uploads\/2023\/10\/implantes.png"},{"@type":"BreadcrumbList","@id":"https:\/\/mpi.lawebredonda.es\/fr\/produits\/implantes-dentales\/mpi-all-insystem-2\/#breadcrumb","itemListElement":[{"@type":"ListItem","position":1,"name":"Portada","item":"https:\/\/mpi.lawebredonda.es\/fr\/"},{"@type":"ListItem","position":2,"name":"Produits","item":"https:\/\/mpi.lawebredonda.es\/fr\/produits\/"},{"@type":"ListItem","position":3,"name":"Implantes dentales","item":"https:\/\/mpi.lawebredonda.es\/fr\/produits\/implantes-dentales\/"},{"@type":"ListItem","position":4,"name":"MPI Orthodontics\u00ae System."}]},{"@type":"WebSite","@id":"https:\/\/mpi.lawebredonda.es\/#website","url":"https:\/\/mpi.lawebredonda.es\/","name":"Mpi Implants","description":"Soluciones Dentales De Futuro","publisher":{"@id":"https:\/\/mpi.lawebredonda.es\/#organization"},"potentialAction":[{"@type":"SearchAction","target":{"@type":"EntryPoint","urlTemplate":"https:\/\/mpi.lawebredonda.es\/?s={search_term_string}"},"query-input":{"@type":"PropertyValueSpecification","valueRequired":true,"valueName":"search_term_string"}}],"inLanguage":"fr-FR"},{"@type":"Organization","@id":"https:\/\/mpi.lawebredonda.es\/#organization","name":"Mpi Implants","url":"https:\/\/mpi.lawebredonda.es\/","logo":{"@type":"ImageObject","inLanguage":"fr-FR","@id":"https:\/\/mpi.lawebredonda.es\/#\/schema\/logo\/image\/","url":"https:\/\/mpi.lawebredonda.es\/wp-content\/uploads\/2022\/11\/Logo-Color.png","contentUrl":"https:\/\/mpi.lawebredonda.es\/wp-content\/uploads\/2022\/11\/Logo-Color.png","width":1230,"height":483,"caption":"Mpi Implants"},"image":{"@id":"https:\/\/mpi.lawebredonda.es\/#\/schema\/logo\/image\/"}}]}},"_links":{"self":[{"href":"https:\/\/mpi.lawebredonda.es\/fr\/wp-json\/wp\/v2\/pages\/3569","targetHints":{"allow":["GET"]}}],"collection":[{"href":"https:\/\/mpi.lawebredonda.es\/fr\/wp-json\/wp\/v2\/pages"}],"about":[{"href":"https:\/\/mpi.lawebredonda.es\/fr\/wp-json\/wp\/v2\/types\/page"}],"author":[{"embeddable":true,"href":"https:\/\/mpi.lawebredonda.es\/fr\/wp-json\/wp\/v2\/users\/1"}],"replies":[{"embeddable":true,"href":"https:\/\/mpi.lawebredonda.es\/fr\/wp-json\/wp\/v2\/comments?post=3569"}],"version-history":[{"count":22,"href":"https:\/\/mpi.lawebredonda.es\/fr\/wp-json\/wp\/v2\/pages\/3569\/revisions"}],"predecessor-version":[{"id":5307,"href":"https:\/\/mpi.lawebredonda.es\/fr\/wp-json\/wp\/v2\/pages\/3569\/revisions\/5307"}],"up":[{"embeddable":true,"href":"https:\/\/mpi.lawebredonda.es\/fr\/wp-json\/wp\/v2\/pages\/3364"}],"wp:attachment":[{"href":"https:\/\/mpi.lawebredonda.es\/fr\/wp-json\/wp\/v2\/media?parent=3569"}],"curies":[{"name":"wp","href":"https:\/\/api.w.org\/{rel}","templated":true}]}}