{"id":3413,"date":"2023-05-31T14:23:13","date_gmt":"2023-05-31T14:23:13","guid":{"rendered":"https:\/\/mpi.lawebredonda.es\/responsabilite-sociale-des-entreprises\/"},"modified":"2024-09-30T12:21:22","modified_gmt":"2024-09-30T12:21:22","slug":"responsabilite-sociale-des-entreprises","status":"publish","type":"page","link":"https:\/\/mpi.lawebredonda.es\/fr\/responsabilite-sociale-des-entreprises\/","title":{"rendered":"Responsabilit\u00e9 sociale des entreprises"},"content":{"rendered":"\t\t<div data-elementor-type=\"wp-page\" data-elementor-id=\"3413\" class=\"elementor elementor-3413 elementor-2159\" data-elementor-post-type=\"page\">\n\t\t\t\t\t\t<section class=\"elementor-section elementor-top-section elementor-element elementor-element-b9eb6b2 elementor-section-boxed elementor-section-height-default elementor-section-height-default\" data-id=\"b9eb6b2\" data-element_type=\"section\" data-e-type=\"section\">\n\t\t\t\t\t\t<div class=\"elementor-container elementor-column-gap-default\">\n\t\t\t\t\t<div class=\"elementor-column elementor-col-100 elementor-top-column elementor-element elementor-element-25955dd\" data-id=\"25955dd\" data-element_type=\"column\" data-e-type=\"column\">\n\t\t\t<div class=\"elementor-widget-wrap elementor-element-populated\">\n\t\t\t\t\t\t<div class=\"elementor-element elementor-element-799403c elementor-widget elementor-widget-heading\" data-id=\"799403c\" data-element_type=\"widget\" data-e-type=\"widget\" data-widget_type=\"heading.default\">\n\t\t\t\t<div class=\"elementor-widget-container\">\n\t\t\t\t\t<h2 class=\"elementor-heading-title elementor-size-default\">RESPONSABILIT\u00c9 SOCIALE DES ENTREPRISES<br><br><\/h2>\t\t\t\t<\/div>\n\t\t\t\t<\/div>\n\t\t\t\t<div class=\"elementor-element elementor-element-61419a7 elementor-widget elementor-widget-text-editor\" data-id=\"61419a7\" data-element_type=\"widget\" data-e-type=\"widget\" data-widget_type=\"text-editor.default\">\n\t\t\t\t<div class=\"elementor-widget-container\">\n\t\t\t\t\t\t\t\t\t<h3><strong>\u00c9THIQUE ET CONFORMIT\u00c9<\/strong><\/h3><p>L&rsquo;\u00e9thique est une valeur fondamentale dans le d\u00e9veloppement de notre travail ; c&rsquo;est un facteur qui g\u00e9n\u00e8re la confiance et repr\u00e9sente un v\u00e9ritable label de qualit\u00e9 que nos clients et le march\u00e9 appr\u00e9cient au plus haut point.<\/p><p>Chez MEDICAL PRECISION IMPLANTS, nous attendons de tous nos professionnels qu&rsquo;ils respectent les normes \u00e9thiques les plus strictes, guid\u00e9s par leur d\u00e9sir de bien faire.<\/p><p>Pour atteindre cet objectif, la direction de MEDICAL PRECISION IMPLANTS a approuv\u00e9 un code de d\u00e9ontologie qui guide tous les professionnels sur la mani\u00e8re d&rsquo;agir dans des situations de gestion \u00e9thique difficiles et dispose d&rsquo;un canal \u00e9thique pour la communication et le signalement d&rsquo;\u00e9ventuelles irr\u00e9gularit\u00e9s commises au sein de l&rsquo;entreprise.<\/p><h3><strong>CODE D&rsquo;\u00c9THIQUE<\/strong><\/h3><p>L&rsquo;objectif de notre code d&rsquo;\u00e9thique est d&rsquo;\u00e9tablir les valeurs et les principes \u00e9thiques qui r\u00e9gissent les actions de l&rsquo;entreprise, ainsi que les lignes directrices g\u00e9n\u00e9rales de conduite \u00e0 suivre dans l&rsquo;exercice de leurs fonctions par tous ses administrateurs, directeurs, employ\u00e9s et autres personnes dont l&rsquo;activit\u00e9 est express\u00e9ment soumise au code d&rsquo;\u00e9thique.<\/p><p>La violation du code d&rsquo;\u00e9thique est consid\u00e9r\u00e9e comme une infraction grave qui entra\u00eene des cons\u00e9quences pour l&rsquo;auteur de l&rsquo;infraction ou pour ceux qui, ayant connaissance de l&rsquo;infraction, ne la signalent pas.<\/p><h3><strong>CANAL \u00c9THIQUE<\/strong><\/h3><p>La cha\u00eene \u00e9thique est un outil qui permet de signaler de mani\u00e8re confidentielle des activit\u00e9s potentiellement irr\u00e9guli\u00e8res pouvant impliquer une violation du code d&rsquo;\u00e9thique ou la commission d&rsquo;un d\u00e9lit au sein de l&rsquo;entreprise.<\/p><p>Chez MEDICAL PRECISION IMPLANTS, nous consid\u00e9rons le canal \u00e9thique comme une opportunit\u00e9 d&rsquo;am\u00e9liorer notre organisation, qui nous permet de d\u00e9tecter les comportements contraires \u00e0 nos principes \u00e9thiques et de r\u00e9soudre les \u00e9ventuels doutes concernant des situations peu claires ou ambigu\u00ebs susceptibles de compromettre nos principes et nos valeurs.<\/p>\t\t\t\t\t\t\t\t<\/div>\n\t\t\t\t<\/div>\n\t\t\t\t<div class=\"elementor-element elementor-element-8123b0f elementor-align-center elementor-widget elementor-widget-button\" data-id=\"8123b0f\" data-element_type=\"widget\" data-e-type=\"widget\" data-widget_type=\"button.default\">\n\t\t\t\t<div class=\"elementor-widget-container\">\n\t\t\t\t\t\t\t\t\t<div class=\"elementor-button-wrapper\">\n\t\t\t\t\t<a class=\"elementor-button elementor-button-link elementor-size-sm elementor-animation-float\" href=\"https:\/\/centinela.lefebvre.es\/public\/concept\/2122975?access=fl8PA4dWmw1yPMFweAAJyLg35sPwLYten9aeSRvxGGw%3D%20\" target=\"_blank\">\n\t\t\t\t\t\t<span class=\"elementor-button-content-wrapper\">\n\t\t\t\t\t\t<span class=\"elementor-button-icon\">\n\t\t\t\t<i aria-hidden=\"true\" class=\"fas fa-long-arrow-alt-right\"><\/i>\t\t\t<\/span>\n\t\t\t\t\t\t\t\t\t<span class=\"elementor-button-text\">CANAL \u00c9THIQUE<\/span>\n\t\t\t\t\t<\/span>\n\t\t\t\t\t<\/a>\n\t\t\t\t<\/div>\n\t\t\t\t\t\t\t\t<\/div>\n\t\t\t\t<\/div>\n\t\t\t\t\t<\/div>\n\t\t<\/div>\n\t\t\t\t\t<\/div>\n\t\t<\/section>\n\t\t\t\t<\/div>\n\t\t","protected":false},"excerpt":{"rendered":"<p>RESPONSABILIT\u00c9 SOCIALE DES ENTREPRISES \u00c9THIQUE ET CONFORMIT\u00c9 L&rsquo;\u00e9thique est une valeur fondamentale dans le d\u00e9veloppement de notre travail ; c&rsquo;est un facteur qui g\u00e9n\u00e8re la confiance et repr\u00e9sente un v\u00e9ritable label de qualit\u00e9 que nos clients et le march\u00e9 appr\u00e9cient au plus haut point. Chez MEDICAL PRECISION IMPLANTS, nous attendons de tous nos professionnels qu&rsquo;ils [&hellip;]<\/p>\n","protected":false},"author":1,"featured_media":0,"parent":0,"menu_order":0,"comment_status":"closed","ping_status":"closed","template":"elementor_header_footer","meta":{"footnotes":""},"class_list":["post-3413","page","type-page","status-publish","hentry"],"yoast_head":"<!-- This site is optimized with the Yoast SEO plugin v27.4 - https:\/\/yoast.com\/product\/yoast-seo-wordpress\/ -->\n<title>Responsabilit\u00e9 sociale des entreprises | MPI - Medical Precision Implants<\/title>\n<meta name=\"robots\" content=\"index, follow, max-snippet:-1, max-image-preview:large, max-video-preview:-1\" \/>\n<link rel=\"canonical\" href=\"https:\/\/mpi.lawebredonda.es\/fr\/responsabilite-sociale-des-entreprises\/\" \/>\n<meta property=\"og:locale\" content=\"fr_FR\" \/>\n<meta property=\"og:type\" content=\"article\" \/>\n<meta property=\"og:title\" content=\"Responsabilit\u00e9 sociale des entreprises | MPI - Medical Precision Implants\" \/>\n<meta property=\"og:description\" content=\"RESPONSABILIT\u00c9 SOCIALE DES ENTREPRISES \u00c9THIQUE ET CONFORMIT\u00c9 L&rsquo;\u00e9thique est une valeur fondamentale dans le d\u00e9veloppement de notre travail ; c&rsquo;est un facteur qui g\u00e9n\u00e8re la confiance et repr\u00e9sente un v\u00e9ritable label de qualit\u00e9 que nos clients et le march\u00e9 appr\u00e9cient au plus haut point. Chez MEDICAL PRECISION IMPLANTS, nous attendons de tous nos professionnels qu&rsquo;ils [&hellip;]\" \/>\n<meta property=\"og:url\" content=\"https:\/\/mpi.lawebredonda.es\/fr\/responsabilite-sociale-des-entreprises\/\" \/>\n<meta property=\"og:site_name\" content=\"MPI - Medical Precision Implants\" \/>\n<meta property=\"article:modified_time\" content=\"2024-09-30T12:21:22+00:00\" \/>\n<meta name=\"twitter:card\" content=\"summary_large_image\" \/>\n<meta name=\"twitter:label1\" content=\"Dur\u00e9e de lecture estim\u00e9e\" \/>\n\t<meta name=\"twitter:data1\" content=\"2 minutes\" \/>\n<script type=\"application\/ld+json\" class=\"yoast-schema-graph\">{\"@context\":\"https:\\\/\\\/schema.org\",\"@graph\":[{\"@type\":\"WebPage\",\"@id\":\"https:\\\/\\\/mpi.lawebredonda.es\\\/fr\\\/responsabilite-sociale-des-entreprises\\\/\",\"url\":\"https:\\\/\\\/mpi.lawebredonda.es\\\/fr\\\/responsabilite-sociale-des-entreprises\\\/\",\"name\":\"Responsabilit\u00e9 sociale des entreprises | MPI - Medical Precision Implants\",\"isPartOf\":{\"@id\":\"https:\\\/\\\/mpi.lawebredonda.es\\\/#website\"},\"datePublished\":\"2023-05-31T14:23:13+00:00\",\"dateModified\":\"2024-09-30T12:21:22+00:00\",\"breadcrumb\":{\"@id\":\"https:\\\/\\\/mpi.lawebredonda.es\\\/fr\\\/responsabilite-sociale-des-entreprises\\\/#breadcrumb\"},\"inLanguage\":\"fr-FR\",\"potentialAction\":[{\"@type\":\"ReadAction\",\"target\":[\"https:\\\/\\\/mpi.lawebredonda.es\\\/fr\\\/responsabilite-sociale-des-entreprises\\\/\"]}]},{\"@type\":\"BreadcrumbList\",\"@id\":\"https:\\\/\\\/mpi.lawebredonda.es\\\/fr\\\/responsabilite-sociale-des-entreprises\\\/#breadcrumb\",\"itemListElement\":[{\"@type\":\"ListItem\",\"position\":1,\"name\":\"Portada\",\"item\":\"https:\\\/\\\/mpi.lawebredonda.es\\\/fr\\\/\"},{\"@type\":\"ListItem\",\"position\":2,\"name\":\"Responsabilit\u00e9 sociale des entreprises\"}]},{\"@type\":\"WebSite\",\"@id\":\"https:\\\/\\\/mpi.lawebredonda.es\\\/#website\",\"url\":\"https:\\\/\\\/mpi.lawebredonda.es\\\/\",\"name\":\"Mpi Implants\",\"description\":\"Soluciones Dentales De Futuro\",\"publisher\":{\"@id\":\"https:\\\/\\\/mpi.lawebredonda.es\\\/#organization\"},\"potentialAction\":[{\"@type\":\"SearchAction\",\"target\":{\"@type\":\"EntryPoint\",\"urlTemplate\":\"https:\\\/\\\/mpi.lawebredonda.es\\\/?s={search_term_string}\"},\"query-input\":{\"@type\":\"PropertyValueSpecification\",\"valueRequired\":true,\"valueName\":\"search_term_string\"}}],\"inLanguage\":\"fr-FR\"},{\"@type\":\"Organization\",\"@id\":\"https:\\\/\\\/mpi.lawebredonda.es\\\/#organization\",\"name\":\"Mpi Implants\",\"url\":\"https:\\\/\\\/mpi.lawebredonda.es\\\/\",\"logo\":{\"@type\":\"ImageObject\",\"inLanguage\":\"fr-FR\",\"@id\":\"https:\\\/\\\/mpi.lawebredonda.es\\\/#\\\/schema\\\/logo\\\/image\\\/\",\"url\":\"https:\\\/\\\/mpi.lawebredonda.es\\\/wp-content\\\/uploads\\\/2022\\\/11\\\/Logo-Color.png\",\"contentUrl\":\"https:\\\/\\\/mpi.lawebredonda.es\\\/wp-content\\\/uploads\\\/2022\\\/11\\\/Logo-Color.png\",\"width\":1230,\"height\":483,\"caption\":\"Mpi Implants\"},\"image\":{\"@id\":\"https:\\\/\\\/mpi.lawebredonda.es\\\/#\\\/schema\\\/logo\\\/image\\\/\"}}]}<\/script>\n<!-- \/ Yoast SEO plugin. -->","yoast_head_json":{"title":"Responsabilit\u00e9 sociale des entreprises | MPI - Medical Precision Implants","robots":{"index":"index","follow":"follow","max-snippet":"max-snippet:-1","max-image-preview":"max-image-preview:large","max-video-preview":"max-video-preview:-1"},"canonical":"https:\/\/mpi.lawebredonda.es\/fr\/responsabilite-sociale-des-entreprises\/","og_locale":"fr_FR","og_type":"article","og_title":"Responsabilit\u00e9 sociale des entreprises | MPI - Medical Precision Implants","og_description":"RESPONSABILIT\u00c9 SOCIALE DES ENTREPRISES \u00c9THIQUE ET CONFORMIT\u00c9 L&rsquo;\u00e9thique est une valeur fondamentale dans le d\u00e9veloppement de notre travail ; c&rsquo;est un facteur qui g\u00e9n\u00e8re la confiance et repr\u00e9sente un v\u00e9ritable label de qualit\u00e9 que nos clients et le march\u00e9 appr\u00e9cient au plus haut point. Chez MEDICAL PRECISION IMPLANTS, nous attendons de tous nos professionnels qu&rsquo;ils [&hellip;]","og_url":"https:\/\/mpi.lawebredonda.es\/fr\/responsabilite-sociale-des-entreprises\/","og_site_name":"MPI - Medical Precision Implants","article_modified_time":"2024-09-30T12:21:22+00:00","twitter_card":"summary_large_image","twitter_misc":{"Dur\u00e9e de lecture estim\u00e9e":"2 minutes"},"schema":{"@context":"https:\/\/schema.org","@graph":[{"@type":"WebPage","@id":"https:\/\/mpi.lawebredonda.es\/fr\/responsabilite-sociale-des-entreprises\/","url":"https:\/\/mpi.lawebredonda.es\/fr\/responsabilite-sociale-des-entreprises\/","name":"Responsabilit\u00e9 sociale des entreprises | MPI - Medical Precision Implants","isPartOf":{"@id":"https:\/\/mpi.lawebredonda.es\/#website"},"datePublished":"2023-05-31T14:23:13+00:00","dateModified":"2024-09-30T12:21:22+00:00","breadcrumb":{"@id":"https:\/\/mpi.lawebredonda.es\/fr\/responsabilite-sociale-des-entreprises\/#breadcrumb"},"inLanguage":"fr-FR","potentialAction":[{"@type":"ReadAction","target":["https:\/\/mpi.lawebredonda.es\/fr\/responsabilite-sociale-des-entreprises\/"]}]},{"@type":"BreadcrumbList","@id":"https:\/\/mpi.lawebredonda.es\/fr\/responsabilite-sociale-des-entreprises\/#breadcrumb","itemListElement":[{"@type":"ListItem","position":1,"name":"Portada","item":"https:\/\/mpi.lawebredonda.es\/fr\/"},{"@type":"ListItem","position":2,"name":"Responsabilit\u00e9 sociale des entreprises"}]},{"@type":"WebSite","@id":"https:\/\/mpi.lawebredonda.es\/#website","url":"https:\/\/mpi.lawebredonda.es\/","name":"Mpi Implants","description":"Soluciones Dentales De Futuro","publisher":{"@id":"https:\/\/mpi.lawebredonda.es\/#organization"},"potentialAction":[{"@type":"SearchAction","target":{"@type":"EntryPoint","urlTemplate":"https:\/\/mpi.lawebredonda.es\/?s={search_term_string}"},"query-input":{"@type":"PropertyValueSpecification","valueRequired":true,"valueName":"search_term_string"}}],"inLanguage":"fr-FR"},{"@type":"Organization","@id":"https:\/\/mpi.lawebredonda.es\/#organization","name":"Mpi Implants","url":"https:\/\/mpi.lawebredonda.es\/","logo":{"@type":"ImageObject","inLanguage":"fr-FR","@id":"https:\/\/mpi.lawebredonda.es\/#\/schema\/logo\/image\/","url":"https:\/\/mpi.lawebredonda.es\/wp-content\/uploads\/2022\/11\/Logo-Color.png","contentUrl":"https:\/\/mpi.lawebredonda.es\/wp-content\/uploads\/2022\/11\/Logo-Color.png","width":1230,"height":483,"caption":"Mpi Implants"},"image":{"@id":"https:\/\/mpi.lawebredonda.es\/#\/schema\/logo\/image\/"}}]}},"_links":{"self":[{"href":"https:\/\/mpi.lawebredonda.es\/fr\/wp-json\/wp\/v2\/pages\/3413","targetHints":{"allow":["GET"]}}],"collection":[{"href":"https:\/\/mpi.lawebredonda.es\/fr\/wp-json\/wp\/v2\/pages"}],"about":[{"href":"https:\/\/mpi.lawebredonda.es\/fr\/wp-json\/wp\/v2\/types\/page"}],"author":[{"embeddable":true,"href":"https:\/\/mpi.lawebredonda.es\/fr\/wp-json\/wp\/v2\/users\/1"}],"replies":[{"embeddable":true,"href":"https:\/\/mpi.lawebredonda.es\/fr\/wp-json\/wp\/v2\/comments?post=3413"}],"version-history":[{"count":15,"href":"https:\/\/mpi.lawebredonda.es\/fr\/wp-json\/wp\/v2\/pages\/3413\/revisions"}],"predecessor-version":[{"id":5835,"href":"https:\/\/mpi.lawebredonda.es\/fr\/wp-json\/wp\/v2\/pages\/3413\/revisions\/5835"}],"wp:attachment":[{"href":"https:\/\/mpi.lawebredonda.es\/fr\/wp-json\/wp\/v2\/media?parent=3413"}],"curies":[{"name":"wp","href":"https:\/\/api.w.org\/{rel}","templated":true}]}}