{"id":5849,"date":"2024-08-08T11:38:31","date_gmt":"2024-08-08T11:38:31","guid":{"rendered":"https:\/\/mpi.lawebredonda.es\/politik-und-ziele-von-mpi\/"},"modified":"2024-11-06T10:44:29","modified_gmt":"2024-11-06T10:44:29","slug":"politik-und-ziele-von-mpi","status":"publish","type":"page","link":"https:\/\/mpi.lawebredonda.es\/de\/politik-und-ziele-von-mpi\/","title":{"rendered":"POLITIK UND ZIELE VON MPI"},"content":{"rendered":"\t\t<div data-elementor-type=\"wp-page\" data-elementor-id=\"5849\" class=\"elementor elementor-5849 elementor-5740\" data-elementor-post-type=\"page\">\n\t\t\t\t<div class=\"elementor-element elementor-element-6f1955d e-flex e-con-boxed e-con e-parent\" data-id=\"6f1955d\" data-element_type=\"container\" data-e-type=\"container\">\n\t\t\t\t\t<div class=\"e-con-inner\">\n\t\t\t\t<div class=\"elementor-element elementor-element-adbbbaa elementor-widget elementor-widget-heading\" data-id=\"adbbbaa\" data-element_type=\"widget\" data-e-type=\"widget\" data-widget_type=\"heading.default\">\n\t\t\t\t<div class=\"elementor-widget-container\">\n\t\t\t\t\t<h2 class=\"elementor-heading-title elementor-size-default\">POLITIK VON MPI<\/h2>\t\t\t\t<\/div>\n\t\t\t\t<\/div>\n\t\t\t\t<div class=\"elementor-element elementor-element-7db7a17 elementor-widget elementor-widget-text-editor\" data-id=\"7db7a17\" data-element_type=\"widget\" data-e-type=\"widget\" data-widget_type=\"text-editor.default\">\n\t\t\t\t<div class=\"elementor-widget-container\">\n\t\t\t\t\t\t\t\t\t<h5>&nbsp;<\/h5>\n<p>Die Gesch\u00e4ftsf\u00fchrung von Medical Precision Implants, S.A. (im Folgenden MPI) hat eine Politik im Einklang mit der zuvor festgelegten Vision und Strategie festgelegt. Diese Politik bietet einen Referenzrahmen zur Festlegung und \u00dcberpr\u00fcfung von Unternehmenszielen, die regelm\u00e4\u00dfig von der Gesch\u00e4ftsleitung \u00fcberpr\u00fcft werden, um die Verf\u00fcgbarkeit der erforderlichen Ressourcen f\u00fcr ihre Umsetzung und den Erhalt des Systems sicherzustellen.<\/p>\n<p>MPI ist ein Unternehmen im Dentalsektor, das sich auf die Entwicklung, Herstellung und den Vertrieb von Zahnimplantatsystemen, prothetischen Komponenten und chirurgischen Instrumenten spezialisiert hat; auf den Import von Verankerungssystemen f\u00fcr Prothesen auf Implantaten sowie auf den Import von k\u00fcnstlichem Knochen.<\/p>\n<p>Im Rahmen des kontinuierlichen Verbesserungsprozesses und zur Gew\u00e4hrleistung des Innovations- und Qualit\u00e4tsmanagements bei der Produktentwicklung wurde ein integriertes Qualit\u00e4ts- und F&amp;E-Managementsystem (im Folgenden SGI) eingef\u00fchrt, das die Einhaltung der geltenden gesetzlichen Anforderungen sicherstellt, um die Zufriedenheit der Kunden und anderer Interessengruppen zu gew\u00e4hrleisten und die Wirksamkeit des implementierten Systems aufrechtzuerhalten.<\/p>\n<p>MPI ist nach ISO 13485:2016 zertifiziert, um das implementierte Managementsystem sicherzustellen, und nach UNE 166002:2021, um die Wirksamkeit der F&amp;E-Projekte zu validieren. J\u00e4hrlich werden Audits von einer Zertifizierungsstelle und einer Benannten Stelle durchgef\u00fchrt, um die Einhaltung der Normen sicherzustellen.<\/p>\n<p>Die Gesch\u00e4ftsleitung \u00fcberpr\u00fcft die festgelegte Politik j\u00e4hrlich, um sicherzustellen, dass sie umgesetzt und beibehalten wird. Diese Politik wird intern an alle MPI-Mitarbeiter kommuniziert, wobei sichergestellt wird, dass alle sie verstehen.<\/p>\n<p>Diese Politik ist als dokumentierte Information im SGI von MPI verf\u00fcgbar und zug\u00e4nglich; um den Ruf von MPI zu verbessern und relevante Interessengruppen anzusprechen, steht sie allen Interessierten auf Anfrage zur Verf\u00fcgung.<\/p>\n<p>Madrid, 30. September 2024<\/p><p>Version: 3<\/p>\t\t\t\t\t\t\t\t<\/div>\n\t\t\t\t<\/div>\n\t\t\t\t\t<\/div>\n\t\t\t\t<\/div>\n\t\t\t\t<\/div>\n\t\t","protected":false},"excerpt":{"rendered":"<p>POLITIK VON MPI &nbsp; Die Gesch\u00e4ftsf\u00fchrung von Medical Precision Implants, S.A. (im Folgenden MPI) hat eine Politik im Einklang mit der zuvor festgelegten Vision und Strategie festgelegt. Diese Politik bietet einen Referenzrahmen zur Festlegung und \u00dcberpr\u00fcfung von Unternehmenszielen, die regelm\u00e4\u00dfig von der Gesch\u00e4ftsleitung \u00fcberpr\u00fcft werden, um die Verf\u00fcgbarkeit der erforderlichen Ressourcen f\u00fcr ihre Umsetzung und [&hellip;]<\/p>\n","protected":false},"author":1,"featured_media":0,"parent":0,"menu_order":0,"comment_status":"closed","ping_status":"closed","template":"","meta":{"footnotes":""},"class_list":["post-5849","page","type-page","status-publish","hentry"],"yoast_head":"<!-- This site is optimized with the Yoast SEO plugin v27.4 - https:\/\/yoast.com\/product\/yoast-seo-wordpress\/ -->\n<title>POLITIK UND ZIELE VON MPI | MPI - Medical Precision Implants<\/title>\n<meta name=\"robots\" content=\"index, follow, max-snippet:-1, max-image-preview:large, max-video-preview:-1\" \/>\n<link rel=\"canonical\" href=\"https:\/\/mpi.lawebredonda.es\/de\/politik-und-ziele-von-mpi\/\" \/>\n<meta property=\"og:locale\" content=\"de_DE\" \/>\n<meta property=\"og:type\" content=\"article\" \/>\n<meta property=\"og:title\" content=\"POLITIK UND ZIELE VON MPI | MPI - Medical Precision Implants\" \/>\n<meta property=\"og:description\" content=\"POLITIK VON MPI &nbsp; Die Gesch\u00e4ftsf\u00fchrung von Medical Precision Implants, S.A. (im Folgenden MPI) hat eine Politik im Einklang mit der zuvor festgelegten Vision und Strategie festgelegt. Diese Politik bietet einen Referenzrahmen zur Festlegung und \u00dcberpr\u00fcfung von Unternehmenszielen, die regelm\u00e4\u00dfig von der Gesch\u00e4ftsleitung \u00fcberpr\u00fcft werden, um die Verf\u00fcgbarkeit der erforderlichen Ressourcen f\u00fcr ihre Umsetzung und [&hellip;]\" \/>\n<meta property=\"og:url\" content=\"https:\/\/mpi.lawebredonda.es\/de\/politik-und-ziele-von-mpi\/\" \/>\n<meta property=\"og:site_name\" content=\"MPI - Medical Precision Implants\" \/>\n<meta property=\"article:modified_time\" content=\"2024-11-06T10:44:29+00:00\" \/>\n<meta name=\"twitter:card\" content=\"summary_large_image\" \/>\n<meta name=\"twitter:label1\" content=\"Gesch\u00e4tzte Lesezeit\" \/>\n\t<meta name=\"twitter:data1\" content=\"2\u00a0Minuten\" \/>\n<script type=\"application\/ld+json\" class=\"yoast-schema-graph\">{\"@context\":\"https:\\\/\\\/schema.org\",\"@graph\":[{\"@type\":\"WebPage\",\"@id\":\"https:\\\/\\\/mpi.lawebredonda.es\\\/de\\\/politik-und-ziele-von-mpi\\\/\",\"url\":\"https:\\\/\\\/mpi.lawebredonda.es\\\/de\\\/politik-und-ziele-von-mpi\\\/\",\"name\":\"POLITIK UND ZIELE VON MPI | MPI - Medical Precision Implants\",\"isPartOf\":{\"@id\":\"https:\\\/\\\/mpi.lawebredonda.es\\\/#website\"},\"datePublished\":\"2024-08-08T11:38:31+00:00\",\"dateModified\":\"2024-11-06T10:44:29+00:00\",\"breadcrumb\":{\"@id\":\"https:\\\/\\\/mpi.lawebredonda.es\\\/de\\\/politik-und-ziele-von-mpi\\\/#breadcrumb\"},\"inLanguage\":\"de\",\"potentialAction\":[{\"@type\":\"ReadAction\",\"target\":[\"https:\\\/\\\/mpi.lawebredonda.es\\\/de\\\/politik-und-ziele-von-mpi\\\/\"]}]},{\"@type\":\"BreadcrumbList\",\"@id\":\"https:\\\/\\\/mpi.lawebredonda.es\\\/de\\\/politik-und-ziele-von-mpi\\\/#breadcrumb\",\"itemListElement\":[{\"@type\":\"ListItem\",\"position\":1,\"name\":\"Portada\",\"item\":\"https:\\\/\\\/mpi.lawebredonda.es\\\/de\\\/\"},{\"@type\":\"ListItem\",\"position\":2,\"name\":\"POLITIK UND ZIELE VON MPI\"}]},{\"@type\":\"WebSite\",\"@id\":\"https:\\\/\\\/mpi.lawebredonda.es\\\/#website\",\"url\":\"https:\\\/\\\/mpi.lawebredonda.es\\\/\",\"name\":\"Mpi Implants\",\"description\":\"Soluciones Dentales De Futuro\",\"publisher\":{\"@id\":\"https:\\\/\\\/mpi.lawebredonda.es\\\/#organization\"},\"potentialAction\":[{\"@type\":\"SearchAction\",\"target\":{\"@type\":\"EntryPoint\",\"urlTemplate\":\"https:\\\/\\\/mpi.lawebredonda.es\\\/?s={search_term_string}\"},\"query-input\":{\"@type\":\"PropertyValueSpecification\",\"valueRequired\":true,\"valueName\":\"search_term_string\"}}],\"inLanguage\":\"de\"},{\"@type\":\"Organization\",\"@id\":\"https:\\\/\\\/mpi.lawebredonda.es\\\/#organization\",\"name\":\"Mpi Implants\",\"url\":\"https:\\\/\\\/mpi.lawebredonda.es\\\/\",\"logo\":{\"@type\":\"ImageObject\",\"inLanguage\":\"de\",\"@id\":\"https:\\\/\\\/mpi.lawebredonda.es\\\/#\\\/schema\\\/logo\\\/image\\\/\",\"url\":\"https:\\\/\\\/mpi.lawebredonda.es\\\/wp-content\\\/uploads\\\/2022\\\/11\\\/Logo-Color.png\",\"contentUrl\":\"https:\\\/\\\/mpi.lawebredonda.es\\\/wp-content\\\/uploads\\\/2022\\\/11\\\/Logo-Color.png\",\"width\":1230,\"height\":483,\"caption\":\"Mpi Implants\"},\"image\":{\"@id\":\"https:\\\/\\\/mpi.lawebredonda.es\\\/#\\\/schema\\\/logo\\\/image\\\/\"}}]}<\/script>\n<!-- \/ Yoast SEO plugin. -->","yoast_head_json":{"title":"POLITIK UND ZIELE VON MPI | MPI - Medical Precision Implants","robots":{"index":"index","follow":"follow","max-snippet":"max-snippet:-1","max-image-preview":"max-image-preview:large","max-video-preview":"max-video-preview:-1"},"canonical":"https:\/\/mpi.lawebredonda.es\/de\/politik-und-ziele-von-mpi\/","og_locale":"de_DE","og_type":"article","og_title":"POLITIK UND ZIELE VON MPI | MPI - Medical Precision Implants","og_description":"POLITIK VON MPI &nbsp; Die Gesch\u00e4ftsf\u00fchrung von Medical Precision Implants, S.A. (im Folgenden MPI) hat eine Politik im Einklang mit der zuvor festgelegten Vision und Strategie festgelegt. Diese Politik bietet einen Referenzrahmen zur Festlegung und \u00dcberpr\u00fcfung von Unternehmenszielen, die regelm\u00e4\u00dfig von der Gesch\u00e4ftsleitung \u00fcberpr\u00fcft werden, um die Verf\u00fcgbarkeit der erforderlichen Ressourcen f\u00fcr ihre Umsetzung und [&hellip;]","og_url":"https:\/\/mpi.lawebredonda.es\/de\/politik-und-ziele-von-mpi\/","og_site_name":"MPI - Medical Precision Implants","article_modified_time":"2024-11-06T10:44:29+00:00","twitter_card":"summary_large_image","twitter_misc":{"Gesch\u00e4tzte Lesezeit":"2\u00a0Minuten"},"schema":{"@context":"https:\/\/schema.org","@graph":[{"@type":"WebPage","@id":"https:\/\/mpi.lawebredonda.es\/de\/politik-und-ziele-von-mpi\/","url":"https:\/\/mpi.lawebredonda.es\/de\/politik-und-ziele-von-mpi\/","name":"POLITIK UND ZIELE VON MPI | MPI - Medical Precision Implants","isPartOf":{"@id":"https:\/\/mpi.lawebredonda.es\/#website"},"datePublished":"2024-08-08T11:38:31+00:00","dateModified":"2024-11-06T10:44:29+00:00","breadcrumb":{"@id":"https:\/\/mpi.lawebredonda.es\/de\/politik-und-ziele-von-mpi\/#breadcrumb"},"inLanguage":"de","potentialAction":[{"@type":"ReadAction","target":["https:\/\/mpi.lawebredonda.es\/de\/politik-und-ziele-von-mpi\/"]}]},{"@type":"BreadcrumbList","@id":"https:\/\/mpi.lawebredonda.es\/de\/politik-und-ziele-von-mpi\/#breadcrumb","itemListElement":[{"@type":"ListItem","position":1,"name":"Portada","item":"https:\/\/mpi.lawebredonda.es\/de\/"},{"@type":"ListItem","position":2,"name":"POLITIK UND ZIELE VON MPI"}]},{"@type":"WebSite","@id":"https:\/\/mpi.lawebredonda.es\/#website","url":"https:\/\/mpi.lawebredonda.es\/","name":"Mpi Implants","description":"Soluciones Dentales De Futuro","publisher":{"@id":"https:\/\/mpi.lawebredonda.es\/#organization"},"potentialAction":[{"@type":"SearchAction","target":{"@type":"EntryPoint","urlTemplate":"https:\/\/mpi.lawebredonda.es\/?s={search_term_string}"},"query-input":{"@type":"PropertyValueSpecification","valueRequired":true,"valueName":"search_term_string"}}],"inLanguage":"de"},{"@type":"Organization","@id":"https:\/\/mpi.lawebredonda.es\/#organization","name":"Mpi Implants","url":"https:\/\/mpi.lawebredonda.es\/","logo":{"@type":"ImageObject","inLanguage":"de","@id":"https:\/\/mpi.lawebredonda.es\/#\/schema\/logo\/image\/","url":"https:\/\/mpi.lawebredonda.es\/wp-content\/uploads\/2022\/11\/Logo-Color.png","contentUrl":"https:\/\/mpi.lawebredonda.es\/wp-content\/uploads\/2022\/11\/Logo-Color.png","width":1230,"height":483,"caption":"Mpi Implants"},"image":{"@id":"https:\/\/mpi.lawebredonda.es\/#\/schema\/logo\/image\/"}}]}},"_links":{"self":[{"href":"https:\/\/mpi.lawebredonda.es\/de\/wp-json\/wp\/v2\/pages\/5849","targetHints":{"allow":["GET"]}}],"collection":[{"href":"https:\/\/mpi.lawebredonda.es\/de\/wp-json\/wp\/v2\/pages"}],"about":[{"href":"https:\/\/mpi.lawebredonda.es\/de\/wp-json\/wp\/v2\/types\/page"}],"author":[{"embeddable":true,"href":"https:\/\/mpi.lawebredonda.es\/de\/wp-json\/wp\/v2\/users\/1"}],"replies":[{"embeddable":true,"href":"https:\/\/mpi.lawebredonda.es\/de\/wp-json\/wp\/v2\/comments?post=5849"}],"version-history":[{"count":4,"href":"https:\/\/mpi.lawebredonda.es\/de\/wp-json\/wp\/v2\/pages\/5849\/revisions"}],"predecessor-version":[{"id":5881,"href":"https:\/\/mpi.lawebredonda.es\/de\/wp-json\/wp\/v2\/pages\/5849\/revisions\/5881"}],"wp:attachment":[{"href":"https:\/\/mpi.lawebredonda.es\/de\/wp-json\/wp\/v2\/media?parent=5849"}],"curies":[{"name":"wp","href":"https:\/\/api.w.org\/{rel}","templated":true}]}}